{"id":20966,"date":"2020-11-03T10:39:56","date_gmt":"2020-11-03T10:39:56","guid":{"rendered":"https:\/\/herzblut-artist.alcedo-labs.de\/?page_id=20966"},"modified":"2020-11-04T12:25:11","modified_gmt":"2020-11-04T12:25:11","slug":"about","status":"publish","type":"page","link":"https:\/\/herzblut-artist.alcedo-labs.de\/index.php\/pages\/about\/","title":{"rendered":"*About"},"content":{"rendered":"\t\t<div data-elementor-type=\"wp-post\" data-elementor-id=\"20966\" class=\"elementor elementor-20966\">\n\t\t\t\t\t\t<section class=\"elementor-section elementor-top-section elementor-element elementor-element-66c7983 elementor-section-full_width elementor-section-height-min-height elementor-section-items-stretch elementor-section-height-default neuron-fixed-no\" data-id=\"66c7983\" data-element_type=\"section\" data-e-type=\"section\">\n\t\t\t\t\t\t<div class=\"elementor-container elementor-column-gap-no\">\n\t\t\t\t\t<div class=\"elementor-column elementor-col-50 elementor-top-column elementor-element elementor-element-e64bfc3\" data-id=\"e64bfc3\" data-element_type=\"column\" data-e-type=\"column\" data-settings=\"{&quot;background_background&quot;:&quot;classic&quot;}\">\n\t\t\t<div class=\"elementor-widget-wrap elementor-element-populated\">\n\t\t\t\t\t\t<div class=\"elementor-element elementor-element-d67c1da elementor-widget elementor-widget-spacer\" data-id=\"d67c1da\" data-element_type=\"widget\" data-e-type=\"widget\" data-widget_type=\"spacer.default\">\n\t\t\t\t<div class=\"elementor-widget-container\">\n\t\t\t\t\t\t\t<div class=\"elementor-spacer\">\n\t\t\t<div class=\"elementor-spacer-inner\"><\/div>\n\t\t<\/div>\n\t\t\t\t\t\t<\/div>\n\t\t\t\t<\/div>\n\t\t\t\t\t<\/div>\n\t\t<\/div>\n\t\t\t\t<div class=\"elementor-column elementor-col-50 elementor-top-column elementor-element elementor-element-306ee07\" data-id=\"306ee07\" data-element_type=\"column\" data-e-type=\"column\">\n\t\t\t<div class=\"elementor-widget-wrap elementor-element-populated\">\n\t\t\t\t\t\t<section class=\"elementor-section elementor-inner-section elementor-element elementor-element-3485ebb elementor-section-boxed elementor-section-height-default elementor-section-height-default neuron-fixed-no\" data-id=\"3485ebb\" data-element_type=\"section\" data-e-type=\"section\">\n\t\t\t\t\t\t<div class=\"elementor-container elementor-column-gap-default\">\n\t\t\t\t\t<div class=\"elementor-column elementor-col-100 elementor-inner-column elementor-element elementor-element-fbb3aeb\" data-id=\"fbb3aeb\" data-element_type=\"column\" data-e-type=\"column\">\n\t\t\t<div class=\"elementor-widget-wrap elementor-element-populated\">\n\t\t\t\t\t\t<div class=\"elementor-element elementor-element-6e63bc1 elementor-widget elementor-widget-heading\" data-id=\"6e63bc1\" data-element_type=\"widget\" data-e-type=\"widget\" data-widget_type=\"heading.default\">\n\t\t\t\t<div class=\"elementor-widget-container\">\n\t\t\t\t\t<h1 class=\"elementor-heading-title elementor-size-default\">Annekathrin Rothe<\/h1>\t\t\t\t<\/div>\n\t\t\t\t<\/div>\n\t\t\t\t<div class=\"elementor-element elementor-element-a1a6480 elementor-widget-divider--view-line elementor-widget elementor-widget-divider\" data-id=\"a1a6480\" data-element_type=\"widget\" data-e-type=\"widget\" data-widget_type=\"divider.default\">\n\t\t\t\t<div class=\"elementor-widget-container\">\n\t\t\t\t\t\t\t<div class=\"elementor-divider\">\n\t\t\t<span class=\"elementor-divider-separator\">\n\t\t\t\t\t\t<\/span>\n\t\t<\/div>\n\t\t\t\t\t\t<\/div>\n\t\t\t\t<\/div>\n\t\t\t\t<div class=\"elementor-element elementor-element-a0c56c0 elementor-widget elementor-widget-text-editor\" data-id=\"a0c56c0\" data-element_type=\"widget\" data-e-type=\"widget\" data-widget_type=\"text-editor.default\">\n\t\t\t\t<div class=\"elementor-widget-container\">\n\t\t\t\t\t\t\t\t\t<p><span style=\"color: #370dce;\"><strong>FREIE KOMMUNIKATIONS-DESIGNERIN\/B.A. SEIT 2008<\/strong><\/span><\/p><p><span style=\"color: #000000;\"><strong>Digital Design &amp; Content Creation<\/strong><\/span><em><br \/><\/em>Mit einer breitgef\u00e4cherten Palette an kreativem K\u00f6nnen, Wissen, Kontakten und dem Anspruch h\u00f6chster Qualit\u00e4t flie\u00dft all mein Herzblut in <em>Digital Design &amp; Content Creation<\/em>, \u00fcberwiegend realisiert mit einer stimmigen Mischung aus\u00a0<em>Grafikdesign, UX-Design, Illustration <\/em>und <em>Fotografie<\/em>.<\/p><p><strong>Digital Nomad<\/strong> <br \/>Seit 2016 lebe ich die Freiheit, meine beiden gr\u00f6\u00dften Leidenschaften \u2013 das Reisen und die Liebe zur Gestaltung \u2013 erfolgreich zu verbinden. Als\u00a0<em>Digital Nomad<\/em> arbeite ich ortsunabh\u00e4ngig f\u00fcr und mit weltweit interessanten Kooperationspartnern zusammen.<\/p>\t\t\t\t\t\t\t\t<\/div>\n\t\t\t\t<\/div>\n\t\t\t\t<div class=\"elementor-element elementor-element-8b02fc7 e-grid-align-left elementor-shape-rounded elementor-grid-0 elementor-widget elementor-widget-social-icons\" data-id=\"8b02fc7\" data-element_type=\"widget\" data-e-type=\"widget\" data-widget_type=\"social-icons.default\">\n\t\t\t\t<div class=\"elementor-widget-container\">\n\t\t\t\t\t\t\t<div class=\"elementor-social-icons-wrapper elementor-grid\">\n\t\t\t\t\t\t\t<span class=\"elementor-grid-item\">\n\t\t\t\t\t<a class=\"elementor-icon elementor-social-icon elementor-social-icon-instagram elementor-repeater-item-873cfef\" href=\"https:\/\/instagram.com\/herzblut.artist\" target=\"_blank\">\n\t\t\t\t\t\t<span class=\"elementor-screen-only\">Instagram<\/span>\n\t\t\t\t\t\t<i aria-hidden=\"true\" class=\"fab fa-instagram\"><\/i>\t\t\t\t\t<\/a>\n\t\t\t\t<\/span>\n\t\t\t\t\t<\/div>\n\t\t\t\t\t\t<\/div>\n\t\t\t\t<\/div>\n\t\t\t\t<div class=\"elementor-element elementor-element-439388f elementor-widget elementor-widget-image\" data-id=\"439388f\" data-element_type=\"widget\" data-e-type=\"widget\" data-widget_type=\"image.default\">\n\t\t\t\t<div class=\"elementor-widget-container\">\n\t\t\t\t\t\t\t\t\t\t\t\t\t\t\t<img decoding=\"async\" src=\"http:\/\/amartha.local\/wp-content\/uploads\/2019\/02\/autograph.png\" title=\"\" alt=\"\" loading=\"lazy\" \/>\t\t\t\t\t\t\t\t\t\t\t\t\t\t\t<\/div>\n\t\t\t\t<\/div>\n\t\t\t\t\t<\/div>\n\t\t<\/div>\n\t\t\t\t\t<\/div>\n\t\t<\/section>\n\t\t\t\t\t<\/div>\n\t\t<\/div>\n\t\t\t\t\t<\/div>\n\t\t<\/section>\n\t\t\t\t<section class=\"elementor-section elementor-top-section elementor-element elementor-element-9d3a8bd elementor-section-boxed elementor-section-height-default elementor-section-height-default neuron-fixed-no\" data-id=\"9d3a8bd\" data-element_type=\"section\" data-e-type=\"section\">\n\t\t\t\t\t\t<div class=\"elementor-container elementor-column-gap-default\">\n\t\t\t\t\t<div class=\"elementor-column elementor-col-100 elementor-top-column elementor-element elementor-element-39fe890\" data-id=\"39fe890\" data-element_type=\"column\" data-e-type=\"column\">\n\t\t\t<div class=\"elementor-widget-wrap\">\n\t\t\t\t\t\t\t<\/div>\n\t\t<\/div>\n\t\t\t\t\t<\/div>\n\t\t<\/section>\n\t\t\t\t<section class=\"elementor-section elementor-top-section elementor-element elementor-element-8bb0056 elementor-section-boxed elementor-section-height-default elementor-section-height-default neuron-fixed-no\" data-id=\"8bb0056\" data-element_type=\"section\" data-e-type=\"section\">\n\t\t\t\t\t\t<div class=\"elementor-container elementor-column-gap-default\">\n\t\t\t\t\t<div class=\"elementor-column elementor-col-50 elementor-top-column elementor-element elementor-element-79004df\" data-id=\"79004df\" data-element_type=\"column\" data-e-type=\"column\">\n\t\t\t<div class=\"elementor-widget-wrap\">\n\t\t\t\t\t\t\t<\/div>\n\t\t<\/div>\n\t\t\t\t<div class=\"elementor-column elementor-col-50 elementor-top-column elementor-element elementor-element-739fe39\" data-id=\"739fe39\" data-element_type=\"column\" data-e-type=\"column\">\n\t\t\t<div class=\"elementor-widget-wrap\">\n\t\t\t\t\t\t\t<\/div>\n\t\t<\/div>\n\t\t\t\t\t<\/div>\n\t\t<\/section>\n\t\t\t\t<\/div>\n\t\t","protected":false},"excerpt":{"rendered":"<p>Annekathrin Rothe FREIE KOMMUNIKATIONS-DESIGNERIN\/B.A. SEIT 2008 Digital Design &amp; Content Creation Mit einer breitgef\u00e4cherten Palette an kreativem K\u00f6nnen,&#8230;<\/p>\n","protected":false},"author":1,"featured_media":0,"parent":3122,"menu_order":20,"comment_status":"closed","ping_status":"closed","template":"","meta":{"_acf_changed":false,"footnotes":""},"class_list":["post-20966","page","type-page","status-publish","hentry"],"acf":[],"_links":{"self":[{"href":"https:\/\/herzblut-artist.alcedo-labs.de\/index.php\/wp-json\/wp\/v2\/pages\/20966","targetHints":{"allow":["GET"]}}],"collection":[{"href":"https:\/\/herzblut-artist.alcedo-labs.de\/index.php\/wp-json\/wp\/v2\/pages"}],"about":[{"href":"https:\/\/herzblut-artist.alcedo-labs.de\/index.php\/wp-json\/wp\/v2\/types\/page"}],"author":[{"embeddable":true,"href":"https:\/\/herzblut-artist.alcedo-labs.de\/index.php\/wp-json\/wp\/v2\/users\/1"}],"replies":[{"embeddable":true,"href":"https:\/\/herzblut-artist.alcedo-labs.de\/index.php\/wp-json\/wp\/v2\/comments?post=20966"}],"version-history":[{"count":8,"href":"https:\/\/herzblut-artist.alcedo-labs.de\/index.php\/wp-json\/wp\/v2\/pages\/20966\/revisions"}],"predecessor-version":[{"id":21073,"href":"https:\/\/herzblut-artist.alcedo-labs.de\/index.php\/wp-json\/wp\/v2\/pages\/20966\/revisions\/21073"}],"up":[{"embeddable":true,"href":"https:\/\/herzblut-artist.alcedo-labs.de\/index.php\/wp-json\/wp\/v2\/pages\/3122"}],"wp:attachment":[{"href":"https:\/\/herzblut-artist.alcedo-labs.de\/index.php\/wp-json\/wp\/v2\/media?parent=20966"}],"curies":[{"name":"wp","href":"https:\/\/api.w.org\/{rel}","templated":true}]}}